{"id":909,"date":"2020-01-08T14:56:30","date_gmt":"2020-01-08T12:56:30","guid":{"rendered":"https:\/\/regea.hu\/?page_id=909"},"modified":"2020-05-01T15:56:06","modified_gmt":"2020-05-01T13:56:06","slug":"en","status":"publish","type":"page","link":"https:\/\/regea.hu\/en\/","title":{"rendered":"En"},"content":{"rendered":"<p>[et_pb_section fb_built=&#8221;1&#8243; fullwidth=&#8221;on&#8221; _builder_version=&#8221;4.0.5&#8243; global_module=&#8221;630&#8243;][et_pb_fullwidth_image src=&#8221;https:\/\/regea.hu\/wp-content\/uploads\/2019\/10\/fejlec-uj2.jpg&#8221; admin_label=&#8221;TELJES SZ\u00c9LESS\u00c9G\u0170 K\u00c9P MODUL: fejl\u00e9ck\u00e9p&#8221; _builder_version=&#8221;4.0.5&#8243; custom_margin=&#8221;||||false|false&#8221;][\/et_pb_fullwidth_image][\/et_pb_section][et_pb_section fb_built=&#8221;1&#8243; custom_padding_last_edited=&#8221;on|phone&#8221; _builder_version=&#8221;4.0.5&#8243; background_color=&#8221;#f8f4f3&#8243; custom_margin_tablet=&#8221;&#8221; custom_margin_phone=&#8221;&#8221; custom_margin_last_edited=&#8221;on|phone&#8221; custom_padding=&#8221;0px||||false|false&#8221; custom_padding_tablet=&#8221;&#8221; custom_padding_phone=&#8221;&#8221; locked=&#8221;off&#8221;][et_pb_row _builder_version=&#8221;4.0.5&#8243; background_enable_image=&#8221;off&#8221; width_tablet=&#8221;&#8221; width_phone=&#8221;100%&#8221; width_last_edited=&#8221;on|phone&#8221; custom_padding=&#8221;0px|0px|0|0px|false|false&#8221;][et_pb_column type=&#8221;4_4&#8243; _builder_version=&#8221;4.0.5&#8243; background_enable_image=&#8221;off&#8221; custom_padding=&#8221;|||&#8221; custom_padding__hover=&#8221;|||&#8221;][et_pb_text admin_label=&#8221;SZ\u00d6VEG MODUL: Munkat\u00e1rsaink&#8221; _builder_version=&#8221;4.0.5&#8243; text_font=&#8221;||||||||&#8221; header_font=&#8221;Amita||||||||&#8221; header_font_size=&#8221;8vw&#8221; header_line_height=&#8221;1.3em&#8221; header_2_font=&#8221;Amita||||||||&#8221; header_2_font_size=&#8221;51px&#8221; header_6_font=&#8221;|700||on|||||&#8221; header_6_letter_spacing=&#8221;0.5vw&#8221; header_6_line_height=&#8221;2em&#8221; background_image=&#8221;https:\/\/regea.hu\/wp-content\/uploads\/2019\/10\/wedding_engagement_44.png&#8221; max_width=&#8221;100%&#8221; max_width_tablet=&#8221;70%&#8221; max_width_phone=&#8221;100%&#8221; max_width_last_edited=&#8221;on|phone&#8221; custom_margin_tablet=&#8221;&#8221; custom_margin_phone=&#8221;|0px||0px|false|false&#8221; custom_margin_last_edited=&#8221;on|phone&#8221; custom_padding=&#8221;40px|0px|20px||false|false&#8221; custom_padding_tablet=&#8221;&#8221; custom_padding_phone=&#8221;|||0px|false|false&#8221; custom_padding_last_edited=&#8221;on|phone&#8221; animation_style=&#8221;zoom&#8221; animation_intensity_zoom=&#8221;5%&#8221; hover_enabled=&#8221;0&#8243; header_font_size_tablet=&#8221;48px&#8221; header_font_size_phone=&#8221;32px&#8221; header_font_size_last_edited=&#8221;on|phone&#8221; header_2_text_align_tablet=&#8221;&#8221; header_2_text_align_phone=&#8221;center&#8221; header_2_text_align_last_edited=&#8221;on|phone&#8221; header_2_font_size_tablet=&#8221;&#8221; header_2_font_size_phone=&#8221;35px&#8221; header_2_font_size_last_edited=&#8221;on|phone&#8221;]<\/p>\n<h2>REGE-A-EGER Cancer Foundation<\/h2>\n<p>[\/et_pb_text][\/et_pb_column][\/et_pb_row][et_pb_row use_custom_gutter=&#8221;on&#8221; make_equal=&#8221;on&#8221; custom_padding_last_edited=&#8221;on|tablet&#8221; padding_left_right_link_2=&#8221;false&#8221; _builder_version=&#8221;4.0.5&#8243; background_color=&#8221;#ffffff&#8221; background_enable_image=&#8221;off&#8221; parallax=&#8221;on&#8221; parallax_method=&#8221;off&#8221; width_tablet=&#8221;&#8221; width_phone=&#8221;100%&#8221; width_last_edited=&#8221;on|phone&#8221; max_width=&#8221;80%&#8221; max_width_tablet=&#8221;&#8221; max_width_phone=&#8221;100%&#8221; max_width_last_edited=&#8221;on|phone&#8221; custom_margin=&#8221;||&#8221; custom_padding=&#8221;0px||||false|false&#8221; custom_padding_tablet=&#8221;&#8221; custom_padding_phone=&#8221;0px||||false|false&#8221; box_shadow_style=&#8221;preset3&#8243; use_custom_width=&#8221;on&#8221; width_unit=&#8221;off&#8221;][et_pb_column type=&#8221;4_4&#8243; _builder_version=&#8221;4.0.5&#8243; background_enable_color=&#8221;off&#8221; background_enable_image=&#8221;off&#8221; custom_padding=&#8221;|||&#8221; custom_padding_tablet=&#8221;&#8221; custom_padding_phone=&#8221;|0px||0px|false|false&#8221; custom_padding_last_edited=&#8221;on|phone&#8221; custom_padding__hover=&#8221;|||&#8221;][et_pb_text admin_label=&#8221;SZ\u00d6VEG MODUL:  Regional Health&#8230;.&#8221; _builder_version=&#8221;4.0.5&#8243; text_font=&#8221;|300|||||||&#8221; text_font_size=&#8221;16px&#8221; text_line_height=&#8221;2em&#8221; header_font=&#8221;||||||||&#8221; header_3_font=&#8221;Berkshire Swash||||||||&#8221; header_3_text_color=&#8221;#ca4489&#8243; header_3_font_size=&#8221;30px&#8221; header_3_line_height=&#8221;1.3em&#8221; header_5_font=&#8221;|600|||||||&#8221; background_enable_color=&#8221;off&#8221; custom_margin=&#8221;|0px|||false|false&#8221; custom_margin_tablet=&#8221;&#8221; custom_margin_phone=&#8221;|10px||10px|false|true&#8221; custom_margin_last_edited=&#8221;on|phone&#8221; custom_padding=&#8221;60px|40px|60px|40px|true|true&#8221; custom_padding_tablet=&#8221;&#8221; custom_padding_phone=&#8221;20px|20px|20px|20px|true|true&#8221; custom_padding_last_edited=&#8221;on|phone&#8221; hover_enabled=&#8221;0&#8243; text_font_size_tablet=&#8221;14px&#8221; text_font_size_phone=&#8221;&#8221; text_font_size_last_edited=&#8221;on|tablet&#8221; header_3_font_size_tablet=&#8221;20px&#8221; header_3_font_size_phone=&#8221;&#8221; header_3_font_size_last_edited=&#8221;on|desktop&#8221; border_width_top=&#8221;10px&#8221; border_color_top=&#8221;#005a7f&#8221; locked=&#8221;off&#8221;]<\/p>\n<h3 style=\"text-align: justify;\">Regional Health Care Foundation &#8211; psychosocial oncology<\/h3>\n<p><strong>Legal form of the institution:<\/strong><br \/> Public Benefit Organisation<\/p>\n<p><strong>Our mission:<\/strong> Creating a health conscious, healing fellow community<\/p>\n<p><strong>What is it about?<\/strong><\/p>\n<p>The mental status of the patients with cancer greatly affects their chances of recovery. Common to have depression, resignation, despair, giving up goals, and this can be a negative impact for the survival prognosis.<br \/> The regional factors can affect their situations even more. In the region of Northern Hungary datas show much worse average than the unfavorable Hungarian statistics.<br \/> Our organisation was established in 2010 by initiative young specialists. The charitable activities are classified by purpose: health promotion, disease prevention, scientific research, education, skill development, promotional activities.<br \/> Our method is based on an attitudinal change. It is very important to understand that cancer can be defeated by active, responsible attitude.<\/p>\n<p>[\/et_pb_text][et_pb_image src=&#8221;https:\/\/regea.hu\/wp-content\/uploads\/2020\/01\/regea_kepek_5.jpg&#8221; show_in_lightbox=&#8221;on&#8221; use_overlay=&#8221;on&#8221; overlay_icon_color=&#8221;#b7e5fc&#8221; hover_icon=&#8221;%%204%%&#8221; admin_label=&#8221;K\u00c9P MODUL&#8221; _builder_version=&#8221;4.0.5&#8243; background_color=&#8221;#ffffff&#8221; width=&#8221;50%&#8221; width_tablet=&#8221;&#8221; width_phone=&#8221;70%&#8221; width_last_edited=&#8221;on|phone&#8221; module_alignment=&#8221;center&#8221; hover_enabled=&#8221;0&#8243; border_width_all=&#8221;5px&#8221; border_color_all=&#8221;#b7e5fc&#8221;][\/et_pb_image][et_pb_text admin_label=&#8221;SZ\u00d6VEG MODUL: Colleagues:&#8230;&#8221; _builder_version=&#8221;4.0.5&#8243; text_font=&#8221;|300|||||||&#8221; text_font_size=&#8221;16px&#8221; text_line_height=&#8221;2em&#8221; header_font=&#8221;||||||||&#8221; header_3_font=&#8221;Berkshire Swash||||||||&#8221; header_3_text_color=&#8221;#ca4489&#8243; header_3_font_size=&#8221;30px&#8221; header_5_font=&#8221;|600|||||||&#8221; background_enable_color=&#8221;off&#8221; text_orientation=&#8221;justified&#8221; custom_margin=&#8221;|0px|||false|false&#8221; custom_margin_tablet=&#8221;&#8221; custom_margin_phone=&#8221;|10px||10px|false|true&#8221; custom_margin_last_edited=&#8221;on|phone&#8221; custom_padding=&#8221;1px|40px|1px|40px|true|true&#8221; custom_padding_tablet=&#8221;&#8221; custom_padding_phone=&#8221;20px|20px|20px|20px|true|true&#8221; custom_padding_last_edited=&#8221;on|phone&#8221; hover_enabled=&#8221;0&#8243; text_font_size_tablet=&#8221;14px&#8221; text_font_size_phone=&#8221;&#8221; text_font_size_last_edited=&#8221;on|tablet&#8221; header_3_font_size_tablet=&#8221;20px&#8221; header_3_font_size_phone=&#8221;&#8221; header_3_font_size_last_edited=&#8221;on|desktop&#8221; border_color_top=&#8221;#005a7f&#8221; locked=&#8221;off&#8221;]<\/p>\n<p><strong>Colleagues:<\/strong> Voluntary Multidisciplinary Working Group<\/p>\n<p><strong>Professional association with:<\/strong> BAZ County Hospital<br \/> Health care institutes and non-profit organisations<\/p>\n<p><strong>From idea to realization, milestones:<\/strong><\/p>\n<p>Our organisation&#8217;s aim to get in touch with more and more cancer patients.<br \/> First step: we can offer and teach them a new method (Simonton method) developed by physicians. The Simonton method mobilizes their own internal healing force to help the healing process. The statistical results are very positive, 25% of the patients who was said incurable could recover, and there was no further the deteriorate in their state for another 1\/4.<br \/> During our sessions they can learn more effective, assertive communication and conflict management. After the training<br \/> Simonton patients remain with the club after the training, they meet on a monthly basis, listening to lectures by professionals (health promotion, diet, lifestyle, exercise, nutrition, yoga, patient rights, alternative therapies, and other issues are proficient etc.) repeat what they have learned, and \u201cuploading\u201d.<br \/> Our organization enriched the Simonton method with personal care, and keeping in community,<br \/> it provides complex psychosocial support to those affected by cancer.<\/p>\n<p>Over the past 10 years, supported partly by charities, partly by health care institutions and civil organizations we were engaged in three directions: prevention &#8211; recognizing cancer in time, conducting, promoting and reeducating &#8211; reintagrating into the healthy world.<br \/> There have been different work groups, clubs and meetings in Eger and Miskolc from 2010. But as an increasing number of patients has been looking at us we also started work groups in Hatvan, Edel\u00e9nyi and \u00d3zd as well. Our volunteers visit cancer patients in hospitals<br \/> We have individual sessions as well if needed, and we are able to provide virtual contact for those confined to bed.<br \/> As our results show the state of the participants, the life expectancy has improved significantly.<\/p>\n<p>[\/et_pb_text][et_pb_image src=&#8221;https:\/\/regea.hu\/wp-content\/uploads\/2020\/01\/regea_kepek_6.jpg&#8221; show_in_lightbox=&#8221;on&#8221; use_overlay=&#8221;on&#8221; overlay_icon_color=&#8221;#b7e5fc&#8221; hover_icon=&#8221;%%204%%&#8221; admin_label=&#8221;K\u00c9P MODUL&#8221; _builder_version=&#8221;4.0.5&#8243; background_color=&#8221;#ffffff&#8221; width=&#8221;50%&#8221; width_tablet=&#8221;&#8221; width_phone=&#8221;70%&#8221; width_last_edited=&#8221;on|phone&#8221; module_alignment=&#8221;center&#8221; hover_enabled=&#8221;0&#8243; border_width_all=&#8221;5px&#8221; border_color_all=&#8221;#b7e5fc&#8221;][\/et_pb_image][et_pb_text admin_label=&#8221;SZ\u00d6VEG MODUL: Our professional recognition:..&#8221; _builder_version=&#8221;4.0.5&#8243; text_font=&#8221;|300|||||||&#8221; text_font_size=&#8221;16px&#8221; text_line_height=&#8221;2em&#8221; header_font=&#8221;||||||||&#8221; header_3_font=&#8221;Berkshire Swash||||||||&#8221; header_3_text_color=&#8221;#ca4489&#8243; header_3_font_size=&#8221;30px&#8221; header_5_font=&#8221;|600|||||||&#8221; background_enable_color=&#8221;off&#8221; text_orientation=&#8221;justified&#8221; custom_margin=&#8221;|0px|||false|false&#8221; custom_margin_tablet=&#8221;&#8221; custom_margin_phone=&#8221;|10px||10px|false|true&#8221; custom_margin_last_edited=&#8221;on|phone&#8221; custom_padding=&#8221;1px|40px|1px|40px|true|true&#8221; custom_padding_tablet=&#8221;&#8221; custom_padding_phone=&#8221;20px|20px|20px|20px|true|true&#8221; custom_padding_last_edited=&#8221;on|phone&#8221; hover_enabled=&#8221;0&#8243; text_font_size_tablet=&#8221;14px&#8221; text_font_size_phone=&#8221;&#8221; text_font_size_last_edited=&#8221;on|tablet&#8221; header_3_font_size_tablet=&#8221;20px&#8221; header_3_font_size_phone=&#8221;&#8221; header_3_font_size_last_edited=&#8221;on|desktop&#8221; border_color_top=&#8221;#005a7f&#8221; locked=&#8221;off&#8221;]<\/p>\n<p><strong>Our professional recognition:<\/strong><\/p>\n<p>Borsod-Aba\u00faj-Zempl\u00e9n County Hospital and University Teaching Hospital Institute of Radiotherapy and Clinical Oncology<br \/> Hungarian Society of Psychology and Oncopsychology<\/p>\n<p><strong>Current status:<\/strong><\/p>\n<p>Patients with tumors start with disadvantage, there is no equal chance compared to other patients in healing, finding new work places, and rehabilitation. The healthy people use different way to communicate with them, they bear the stigma: the terminally ill. There is the danger to isolate themselves in their environment.<br \/> During the implementation of our projects we provide equal access to our programs for various disadvantaged groups.<br \/> The initial groups are free to all, and even those &#8211; living in deep poverty, unemployed, members of large families, or with multiple disadvantages are able to participate.<\/p>\n<p>[\/et_pb_text][et_pb_image src=&#8221;https:\/\/regea.hu\/wp-content\/uploads\/2020\/01\/regea_kepek_7.jpg&#8221; show_in_lightbox=&#8221;on&#8221; use_overlay=&#8221;on&#8221; overlay_icon_color=&#8221;#b7e5fc&#8221; hover_icon=&#8221;%%204%%&#8221; admin_label=&#8221;K\u00c9P MODUL&#8221; _builder_version=&#8221;4.0.5&#8243; background_color=&#8221;#ffffff&#8221; width=&#8221;50%&#8221; width_tablet=&#8221;&#8221; width_phone=&#8221;70%&#8221; width_last_edited=&#8221;on|phone&#8221; module_alignment=&#8221;center&#8221; hover_enabled=&#8221;0&#8243; border_width_all=&#8221;5px&#8221; border_color_all=&#8221;#b7e5fc&#8221;][\/et_pb_image][et_pb_text admin_label=&#8221;SZ\u00d6VEG MODUL: Future perspectives:..&#8221; _builder_version=&#8221;4.0.5&#8243; text_font=&#8221;|300|||||||&#8221; text_font_size=&#8221;16px&#8221; text_line_height=&#8221;2em&#8221; header_font=&#8221;||||||||&#8221; header_3_font=&#8221;Berkshire Swash||||||||&#8221; header_3_text_color=&#8221;#ca4489&#8243; header_3_font_size=&#8221;30px&#8221; header_5_font=&#8221;|600|||||||&#8221; background_enable_color=&#8221;off&#8221; text_orientation=&#8221;justified&#8221; custom_margin=&#8221;|0px|||false|false&#8221; custom_margin_tablet=&#8221;&#8221; custom_margin_phone=&#8221;|10px||10px|false|true&#8221; custom_margin_last_edited=&#8221;on|phone&#8221; custom_padding=&#8221;1px|40px|1px|40px|true|true&#8221; custom_padding_tablet=&#8221;&#8221; custom_padding_phone=&#8221;20px|20px|20px|20px|true|true&#8221; custom_padding_last_edited=&#8221;on|phone&#8221; hover_enabled=&#8221;0&#8243; text_font_size_tablet=&#8221;14px&#8221; text_font_size_phone=&#8221;&#8221; text_font_size_last_edited=&#8221;on|tablet&#8221; header_3_font_size_tablet=&#8221;20px&#8221; header_3_font_size_phone=&#8221;&#8221; header_3_font_size_last_edited=&#8221;on|desktop&#8221; border_color_top=&#8221;#005a7f&#8221; locked=&#8221;off&#8221;]<\/p>\n<p><strong>Future perspectives:<\/strong><\/p>\n<p>Reshaping consciously the thinking and attitude as a result of our activity patients with cancer are substantially altered, anxiety decreases, positive thinking, healing faith strengthened and improves overall mental status and increases the healing chances of reducing the chances of relapse.<br \/> In the advanced, skill-building groups the learned techniques of conflict management capacity of the patient to communicate with family members and self-management will improve.<br \/> Enriches their relationships and their activity expands and becomes more colourful.<br \/> Easier and quicker return to the world of &#8222;healthy&#8221; people moves targets in a positive direction. Their results can benefit for the cancer patients&#8217; hospital wards and cancer specialists, psychiatric institutes, and family doctors as well. Fewer patients are in need of psychiatric care, reduced time and frequency of the medical consultation, the patient is less likely (due to falls) in oncology care, stayig in hospital decreases. Working more effectively we can achieve our goals, we create a greater publicity of the activities that integrates into the public awarness.<\/p>\n<p><strong>What is the really new thing about our method?<\/strong><\/p>\n<p>The project activity formulated exactly the same way as you can find in our deed of fondation.<br \/> The Simonton method scientifically developed efficient process underpinned by severel researches. (Carl Simonton: Guided imagery with inner healing against cancer, Health Source Foundation 2011.) The application of the method has a favorable inland experience.<br \/> In our organisation professionals have been working for 10 years on charitable basis successfully using the method producing fantastic results.<br \/> We also have personal motivation: the president of the foundation was cured by supplementing<br \/> medical treatments with the Simonton method.<br \/> Our method outlined in the project is a step forward because it seeks to achieve the holistic approach to healing the whole person. You can not find any other organisations using this complex method.<\/p>\n<p>[\/et_pb_text][et_pb_image src=&#8221;https:\/\/regea.hu\/wp-content\/uploads\/2020\/01\/regea_kepek_1a.jpg&#8221; show_in_lightbox=&#8221;on&#8221; use_overlay=&#8221;on&#8221; overlay_icon_color=&#8221;#b7e5fc&#8221; hover_icon=&#8221;%%204%%&#8221; admin_label=&#8221;K\u00c9P MODUL&#8221; _builder_version=&#8221;4.0.5&#8243; background_color=&#8221;#ffffff&#8221; width=&#8221;50%&#8221; width_tablet=&#8221;&#8221; width_phone=&#8221;70%&#8221; width_last_edited=&#8221;on|phone&#8221; module_alignment=&#8221;center&#8221; hover_enabled=&#8221;0&#8243; border_width_all=&#8221;5px&#8221; border_color_all=&#8221;#b7e5fc&#8221;][\/et_pb_image][et_pb_text admin_label=&#8221;SZ\u00d6VEG MODUL: In summary:..&#8221; _builder_version=&#8221;4.0.5&#8243; text_font=&#8221;|300|||||||&#8221; text_font_size=&#8221;16px&#8221; text_line_height=&#8221;2em&#8221; header_font=&#8221;||||||||&#8221; header_3_font=&#8221;Berkshire Swash||||||||&#8221; header_3_text_color=&#8221;#ca4489&#8243; header_3_font_size=&#8221;30px&#8221; header_5_font=&#8221;|600|||||||&#8221; background_enable_color=&#8221;off&#8221; text_orientation=&#8221;justified&#8221; custom_margin=&#8221;|0px|||false|false&#8221; custom_margin_tablet=&#8221;&#8221; custom_margin_phone=&#8221;|10px||10px|false|true&#8221; custom_margin_last_edited=&#8221;on|phone&#8221; custom_padding=&#8221;1px|40px|1px|40px|true|true&#8221; custom_padding_tablet=&#8221;&#8221; custom_padding_phone=&#8221;20px|20px|20px|20px|true|true&#8221; custom_padding_last_edited=&#8221;on|phone&#8221; hover_enabled=&#8221;0&#8243; text_font_size_tablet=&#8221;14px&#8221; text_font_size_phone=&#8221;&#8221; text_font_size_last_edited=&#8221;on|tablet&#8221; header_3_font_size_tablet=&#8221;20px&#8221; header_3_font_size_phone=&#8221;&#8221; header_3_font_size_last_edited=&#8221;on|desktop&#8221; border_color_top=&#8221;#005a7f&#8221; locked=&#8221;off&#8221;]<\/p>\n<p><strong>In summary:<\/strong><\/p>\n<p>We believe in the physical and spiritual healing as a whole, so in 2010 we launched our Organization. Since then have been leading groups of cancer patients to mobilize internal healing force using Simonton method, supplemented with personal care &#8211; hospital visits, virtual interaction, individual therapy &#8211; and keeping them in a community &#8211; other clubs, skills developing courses, lifestyle camps.<\/p>\n<p><strong>REGEA Trusted Foundation<\/strong>, we accept donations through the Benevity website<\/p>\n<p>[\/et_pb_text][et_pb_image src=&#8221;https:\/\/regea.hu\/wp-content\/uploads\/2020\/01\/regea_kepek_8.png&#8221; show_in_lightbox=&#8221;on&#8221; use_overlay=&#8221;on&#8221; overlay_icon_color=&#8221;#b7e5fc&#8221; hover_icon=&#8221;%%204%%&#8221; admin_label=&#8221;K\u00c9P MODUL&#8221; _builder_version=&#8221;4.0.5&#8243; background_color=&#8221;#ffffff&#8221; width=&#8221;50%&#8221; width_tablet=&#8221;&#8221; width_phone=&#8221;70%&#8221; width_last_edited=&#8221;on|phone&#8221; module_alignment=&#8221;center&#8221; hover_enabled=&#8221;0&#8243; border_width_all=&#8221;5px&#8221; border_color_all=&#8221;#b7e5fc&#8221;][\/et_pb_image][et_pb_text admin_label=&#8221;SZ\u00d6VEG MODUL: In summary:..&#8221; _builder_version=&#8221;4.0.5&#8243; text_font=&#8221;|300|||||||&#8221; text_font_size=&#8221;16px&#8221; text_line_height=&#8221;2em&#8221; header_font=&#8221;||||||||&#8221; header_3_font=&#8221;Berkshire Swash||||||||&#8221; header_3_text_color=&#8221;#ca4489&#8243; header_3_font_size=&#8221;30px&#8221; header_5_font=&#8221;|600|||||||&#8221; background_enable_color=&#8221;off&#8221; text_orientation=&#8221;justified&#8221; custom_margin=&#8221;|0px|||false|false&#8221; custom_margin_tablet=&#8221;&#8221; custom_margin_phone=&#8221;|10px||10px|false|true&#8221; custom_margin_last_edited=&#8221;on|phone&#8221; custom_padding=&#8221;1px|40px|1px|40px|true|true&#8221; custom_padding_tablet=&#8221;&#8221; custom_padding_phone=&#8221;20px|20px|20px|20px|true|true&#8221; custom_padding_last_edited=&#8221;on|phone&#8221; hover_enabled=&#8221;0&#8243; text_font_size_tablet=&#8221;14px&#8221; text_font_size_phone=&#8221;&#8221; text_font_size_last_edited=&#8221;on|tablet&#8221; header_3_font_size_tablet=&#8221;20px&#8221; header_3_font_size_phone=&#8221;&#8221; header_3_font_size_last_edited=&#8221;on|desktop&#8221; border_color_top=&#8221;#005a7f&#8221; locked=&#8221;off&#8221;]<\/p>\n<p><span style=\"text-decoration: underline;\"><a href=\"https:\/\/causes.benevity.org\/user\/215992\/348-5688305002931_9b1d\" target=\"_blank\" rel=\"noopener noreferrer\">https:\/\/causes.benevity.org\/user\/215992\/348-5688305002931_9b1d<\/a><\/span><br \/> We strive to make the Foundation economically viable and we are grateful if we receive financial support for this purpose<br \/> An employee of BlackRock wants to support &#8216;Region\u00e1lis Eg\u00e9szs\u00e9g\u00fcgy\u00e9rt Alap\u00edtv\u00e1ny&#8217; through their workplace giving programme!<\/p>\n<p>[\/et_pb_text][\/et_pb_column][\/et_pb_row][\/et_pb_section][et_pb_section fb_built=&#8221;1&#8243; _builder_version=&#8221;4.0.5&#8243; background_color=&#8221;#282828&#8243; custom_padding=&#8221;0px||0px||false|false&#8221; global_module=&#8221;560&#8243; saved_tabs=&#8221;all&#8221;][et_pb_row _builder_version=&#8221;4.0.5&#8243;][et_pb_column type=&#8221;4_4&#8243; _builder_version=&#8221;4.0.5&#8243;][et_pb_text admin_label=&#8221;SZ\u00d6VEG MODUL: Az oldal \u00fczemeltet\u0151je&#8230;.&#8221; _builder_version=&#8221;4.0.5&#8243; text_orientation=&#8221;center&#8221;]<\/p>\n<p>Az oldal \u00fczemeltet\u0151je: |Sz\u00e9khely: |Telephely: |Telefon:|E-mail:<\/p>\n<p><strong>regea.hu. Minden jog fenntartva. 2019<\/strong><\/p>\n<p>T\u00e1rhelyszolg\u00e1ltat\u00f3:<br \/> Design:<\/p>\n<p>[\/et_pb_text][et_pb_image src=&#8221;https:\/\/regea.hu\/wp-content\/uploads\/2019\/11\/regea_flaticon.png&#8221; align=&#8221;center&#8221; admin_label=&#8221;K\u00c9P MODUL: log\u00f3&#8221; _builder_version=&#8221;4.0.5&#8243; width=&#8221;5%&#8221;][\/et_pb_image][\/et_pb_column][\/et_pb_row][et_pb_row _builder_version=&#8221;4.0.5&#8243;][et_pb_column type=&#8221;4_4&#8243; _builder_version=&#8221;4.0.5&#8243;][et_pb_menu menu_id=&#8221;5&#8243; menu_style=&#8221;centered&#8221; active_link_color=&#8221;#000000&#8243; admin_label=&#8221;MEN\u00dc MODUL: l\u00e1bl\u00e9c men\u00fc&#8221; _builder_version=&#8221;4.0.5&#8243; menu_font=&#8221;|||on|||||&#8221; menu_text_color=&#8221;#ffffff&#8221; background_color=&#8221;rgba(255,255,255,0)&#8221;][\/et_pb_menu][et_pb_social_media_follow _builder_version=&#8221;4.0.5&#8243; text_orientation=&#8221;center&#8221;][et_pb_social_media_follow_network social_network=&#8221;facebook&#8221; url=&#8221;https:\/\/www.facebook.com\/regeaalapitvany\/&#8221; _builder_version=&#8221;4.0.5&#8243; background_color=&#8221;#3b5998&#8243; follow_button=&#8221;off&#8221; url_new_window=&#8221;on&#8221;]facebook[\/et_pb_social_media_follow_network][\/et_pb_social_media_follow][et_pb_text _builder_version=&#8221;4.0.5&#8243; background_color=&#8221;#ffffff&#8221; width=&#8221;73%&#8221; module_alignment=&#8221;center&#8221; custom_padding=&#8221;10px||10px||true|false&#8221; border_radii=&#8221;on|100px|100px|100px|100px&#8221;]<\/p>\n<p style=\"text-align: center;\">K\u00e9rj\u00fck, hogy <strong>GONDOSKODJON EGY DAGANATOS BETEG GY\u00d3GYUL\u00c1S\u00c1R\u00d3L<\/strong>,<br \/> <strong>AD\u00d3JA 1%<\/strong>-\u00e1val t\u00e1mogassa az alap\u00edtv\u00e1nyunk munk\u00e1j\u00e1t \u00e9s az \u00e9letm\u00f3d-t\u00e1borunk l\u00e9trehoz\u00e1s\u00e1t.<\/p>\n<p style=\"text-align: center;\"><a href=\"https:\/\/regea.hu\/tamogassa-alapitvanyunk\/\"><em>R\u00e9szletek\u00e9rt <\/em><strong><em><span style=\"text-decoration: underline;\">kattintson<\/span><\/em><\/strong><strong><em><span style=\"text-decoration: underline;\">\u00a0ide<\/span>\u00a0\u00a0<\/em><\/strong><em>&#8230;&#8230;<\/em><strong><em><\/em><\/strong><\/a><\/p>\n<p>[\/et_pb_text][\/et_pb_column][\/et_pb_row][\/et_pb_section]<\/p>\n","protected":false},"excerpt":{"rendered":"<p>REGE-A-EGER Cancer Foundation Regional Health Care Foundation &#8211; psychosocial oncology Legal form of the institution: Public Benefit Organisation Our mission: Creating a health conscious, healing fellow community What is it about? The mental status of the patients with cancer greatly affects their chances of recovery. Common to have depression, resignation, despair, giving up goals, and [&hellip;]<\/p>\n","protected":false},"author":1,"featured_media":0,"parent":0,"menu_order":0,"comment_status":"closed","ping_status":"closed","template":"","meta":{"_et_pb_use_builder":"on","_et_pb_old_content":"","_et_gb_content_width":""},"_links":{"self":[{"href":"https:\/\/regea.hu\/wp-json\/wp\/v2\/pages\/909"}],"collection":[{"href":"https:\/\/regea.hu\/wp-json\/wp\/v2\/pages"}],"about":[{"href":"https:\/\/regea.hu\/wp-json\/wp\/v2\/types\/page"}],"author":[{"embeddable":true,"href":"https:\/\/regea.hu\/wp-json\/wp\/v2\/users\/1"}],"replies":[{"embeddable":true,"href":"https:\/\/regea.hu\/wp-json\/wp\/v2\/comments?post=909"}],"version-history":[{"count":3,"href":"https:\/\/regea.hu\/wp-json\/wp\/v2\/pages\/909\/revisions"}],"predecessor-version":[{"id":944,"href":"https:\/\/regea.hu\/wp-json\/wp\/v2\/pages\/909\/revisions\/944"}],"wp:attachment":[{"href":"https:\/\/regea.hu\/wp-json\/wp\/v2\/media?parent=909"}],"curies":[{"name":"wp","href":"https:\/\/api.w.org\/{rel}","templated":true}]}}