{"id":2834,"date":"2023-03-09T14:09:02","date_gmt":"2023-03-09T13:09:02","guid":{"rendered":"https:\/\/regea.hu\/?page_id=2834"},"modified":"2023-09-19T14:40:22","modified_gmt":"2023-09-19T12:40:22","slug":"gyemant-lettem","status":"publish","type":"page","link":"https:\/\/regea.hu\/gyemant-lettem\/","title":{"rendered":"Gy\u00e9m\u00e1nt lettem"},"content":{"rendered":"<p>[et_pb_section fb_built=&#8221;1&#8243; _builder_version=&#8221;4.20.2&#8243; _module_preset=&#8221;default&#8221; global_colors_info=&#8221;{}&#8221;][et_pb_row _builder_version=&#8221;4.20.2&#8243; _module_preset=&#8221;default&#8221; global_colors_info=&#8221;{}&#8221;][et_pb_column type=&#8221;4_4&#8243; _builder_version=&#8221;4.20.2&#8243; _module_preset=&#8221;default&#8221; global_colors_info=&#8221;{}&#8221;][et_pb_image src=&#8221;https:\/\/regea.hu\/wp-content\/uploads\/2019\/10\/fejlec-uj2.jpg&#8221; title_text=&#8221;fejlec uj2&#8243; show_bottom_space=&#8221;off&#8221; force_fullwidth=&#8221;on&#8221; align_last_edited=&#8221;off|desktop&#8221; _builder_version=&#8221;4.20.2&#8243; _module_preset=&#8221;default&#8221; global_colors_info=&#8221;{}&#8221;][\/et_pb_image][et_pb_text admin_label=&#8221;SZ\u00d6VEG MODUL: Gy\u00e9m\u00e1nt lettem&#8221; _builder_version=&#8221;4.20.2&#8243; text_font=&#8221;||||||||&#8221; header_font=&#8221;Amita||||||||&#8221; header_font_size=&#8221;8vw&#8221; header_line_height=&#8221;1.3em&#8221; header_2_font=&#8221;Amita||||||||&#8221; header_2_font_size=&#8221;48px&#8221; header_6_font=&#8221;|700||on|||||&#8221; header_6_letter_spacing=&#8221;0.5vw&#8221; header_6_line_height=&#8221;2em&#8221; background_image=&#8221;https:\/\/regea.hu\/wp-content\/uploads\/2019\/10\/wedding_engagement_44.png&#8221; max_width=&#8221;70%&#8221; max_width_tablet=&#8221;70%&#8221; max_width_phone=&#8221;100%&#8221; max_width_last_edited=&#8221;on|phone&#8221; custom_margin_tablet=&#8221;&#8221; custom_margin_phone=&#8221;|0px||0px|false|false&#8221; custom_margin_last_edited=&#8221;on|phone&#8221; custom_padding=&#8221;40px|0px|20px||false|false&#8221; custom_padding_tablet=&#8221;&#8221; custom_padding_phone=&#8221;|||0px|false|false&#8221; custom_padding_last_edited=&#8221;on|phone&#8221; animation_style=&#8221;zoom&#8221; animation_intensity_zoom=&#8221;5%&#8221; header_font_size_tablet=&#8221;48px&#8221; header_font_size_phone=&#8221;32px&#8221; header_font_size_last_edited=&#8221;on|phone&#8221; header_2_text_align_tablet=&#8221;&#8221; header_2_text_align_phone=&#8221;center&#8221; header_2_text_align_last_edited=&#8221;on|phone&#8221; header_2_font_size_tablet=&#8221;&#8221; header_2_font_size_phone=&#8221;35px&#8221; header_2_font_size_last_edited=&#8221;on|phone&#8221; global_colors_info=&#8221;{}&#8221;]<\/p>\n<h2>Gy\u00e9m\u00e1nt lettem<\/h2>\n<p>[\/et_pb_text][et_pb_text _builder_version=&#8221;4.20.2&#8243; _module_preset=&#8221;default&#8221; border_color_all=&#8221;#032B35&#8243; border_width_top=&#8221;10px&#8221; border_color_top=&#8221;#00457A&#8221; global_colors_info=&#8221;{}&#8221;][\/et_pb_text][et_pb_text admin_label=&#8221;Sz\u00f6veg Gy\u00e9m\u00e1nt lettem&#8221; _builder_version=&#8221;4.20.2&#8243; _module_preset=&#8221;default&#8221; text_font=&#8221;|300|||||||&#8221; text_font_size=&#8221;16px&#8221; text_letter_spacing=&#8221;1px&#8221; text_line_height=&#8221;2em&#8221; hover_enabled=&#8221;0&#8243; border_color_all=&#8221;#032B35&#8243; border_color_top=&#8221;#0C71C3&#8243; border_radii_last_edited=&#8221;off|desktop&#8221; global_colors_info=&#8221;{}&#8221; sticky_enabled=&#8221;0&#8243;]<\/p>\n<p>A Region\u00e1lis Eg\u00e9szs\u00e9g\u00fcgy\u00e9rt Alap\u00edtv\u00e1ny p\u00e1ly\u00e1zatot \u00edr ki <strong><span style=\"color: #800080;\">CSAL\u00c1DTAGOK<\/span><\/strong> sz\u00e1m\u00e1ra a R\u00e1k Vil\u00e1gnapja alkalm\u00e1b\u00f3l a &#8221; Te mit teszel az eg\u00e9szs\u00e9ged\u00e9rt?&#8221; program keret\u00e9ben.<\/p>\n<p>Felh\u00edv\u00e1s:<br \/>Csal\u00e1dtagk\u00e9nt \u00e9lt egy daganatos \/ kr\u00f3nikus beteg k\u00f6zel\u00e9ben.<br \/>B\u00e1rmi is lett az \u0150 sorsa, most nem R\u00c1, hanem \u00d6nre vagyunk kiv\u00e1ncsiak.<br \/>\u00cdrja meg, \u00e9s k\u00fcldje el a t\u00f6rt\u00e9net\u00e9t nek\u00fcnk!<\/p>\n<p>A p\u00e1ly\u00e1zat c\u00e9lja: Meg\u0151rizz\u00fck \u00e9s tov\u00e1bbadjuk azt a tud\u00e1st \u00e9s b\u00f6lcsess\u00e9get, ami egy k\u00f6zel\u00e1ll\u00f3, szeretett ember betegs\u00e9ge ut\u00e1n megmaradt, ami p\u00e9lda lehet mindannyiunk sz\u00e1m\u00e1ra.<\/p>\n<p>A p\u00e1ly\u00e1zat c\u00edme: <strong><span style=\"color: #800080;\">Hogyan v\u00e1ltam gy\u00e9m\u00e1ntt\u00e1?<\/span><\/strong><\/p>\n<p>Mott\u00f3:<br \/>Nagy volt a nyom\u00e1s, de \u00e9ppen ez seg\u00edtett, hogy a szem\u00e9lyis\u00e9ged, bels\u0151d, &#8211; \u00e9rt\u00e9keid \u00e9s gondolkod\u00e1sod \u2013 \u00e1talakuljon \u00fagy, mint amikor a F\u00f6ld belsej\u00e9ben a sz\u00e9n atomok \u00f6sszerendez\u0151dnek gy\u00e9m\u00e1ntkrist\u00e1lyokk\u00e1.<\/p>\n<p>Az \u00edr\u00e1sm\u0171 terjedelme: maximum 3 oldal<br \/><strong><span style=\"color: #800080;\">Bead\u00e1si hat\u00e1rideje: 2023. december 31.<\/span><\/strong><br \/>A p\u00e1ly\u00e1zatokat a REGEA Alap\u00edtv\u00e1ny a rendezv\u00e9nyein, kiadv\u00e1nyaiban n\u00e9pszer\u0171s\u00edti \u00e9s k\u00f6zkinccs\u00e9 teszi.<\/p>\n<p>[\/et_pb_text][et_pb_text admin_label=&#8221;SZ\u00d6VEG MODUL: Felh\u00edv\u00e1sunkra ezen &#8230;.&#8221; _builder_version=&#8221;4.20.2&#8243; text_font=&#8221;|300|||||||&#8221; text_font_size=&#8221;16px&#8221; text_line_height=&#8221;2em&#8221; header_font=&#8221;||||||||&#8221; header_3_font=&#8221;Berkshire Swash||||||||&#8221; header_3_text_color=&#8221;#ca4489&#8243; header_5_font=&#8221;|600|||||||&#8221; background_enable_color=&#8221;off&#8221; custom_margin=&#8221;|0px|||false|false&#8221; custom_margin_tablet=&#8221;&#8221; custom_margin_phone=&#8221;|0px|0px|0px|false|true&#8221; custom_margin_last_edited=&#8221;on|phone&#8221; custom_padding=&#8221;|40px||40px|false|true&#8221; custom_padding_tablet=&#8221;&#8221; custom_padding_phone=&#8221;0px|10px|0px|10px|false|true&#8221; custom_padding_last_edited=&#8221;on|phone&#8221; text_font_size_tablet=&#8221;14px&#8221; text_font_size_phone=&#8221;&#8221; text_font_size_last_edited=&#8221;on|tablet&#8221; header_3_font_size_tablet=&#8221;20px&#8221; header_3_font_size_phone=&#8221;&#8221; header_3_font_size_last_edited=&#8221;on|phone&#8221; border_width_top=&#8221;0px&#8221; border_color_top=&#8221;#005a7f&#8221; locked=&#8221;off&#8221; global_colors_info=&#8221;{}&#8221;]<\/p>\n<h3>Felh\u00edv\u00e1sunkra ezen az elektronikus fel\u00fcleten v\u00e1laszolhat<\/h3>\n<p>[\/et_pb_text][et_pb_text admin_label=&#8221;SZ\u00d6VEG MODUL: Az %22\u00dcZENET mez\u0151ben%22 k\u00e9rj\u00fck&#8221; _builder_version=&#8221;4.20.2&#8243; text_font=&#8221;|300|||||||&#8221; text_text_color=&#8221;#e02b20&#8243; text_font_size=&#8221;15px&#8221; text_line_height=&#8221;2em&#8221; header_font=&#8221;||||||||&#8221; header_3_font=&#8221;Berkshire Swash||||||||&#8221; header_3_text_color=&#8221;#ca4489&#8243; header_3_font_size=&#8221;30px&#8221; header_5_font=&#8221;|600|||||||&#8221; background_enable_color=&#8221;off&#8221; custom_margin=&#8221;|0px|0px||false|false&#8221; custom_margin_tablet=&#8221;&#8221; custom_margin_phone=&#8221;0px|0px||0px|false|true&#8221; custom_margin_last_edited=&#8221;on|phone&#8221; custom_padding=&#8221;||0px|40px|false|false&#8221; custom_padding_tablet=&#8221;&#8221; custom_padding_phone=&#8221;0px||0px|10px|false|false&#8221; custom_padding_last_edited=&#8221;on|phone&#8221; text_font_size_tablet=&#8221;14px&#8221; text_font_size_phone=&#8221;&#8221; text_font_size_last_edited=&#8221;on|tablet&#8221; header_3_font_size_tablet=&#8221;20px&#8221; header_3_font_size_phone=&#8221;&#8221; header_3_font_size_last_edited=&#8221;on|desktop&#8221; border_width_top=&#8221;0px&#8221; border_color_top=&#8221;#005a7f&#8221; locked=&#8221;off&#8221; global_colors_info=&#8221;{}&#8221;]<\/p>\n<p>*-gal jel\u00f6lt mez\u0151k kit\u00f6lt\u00e9se k\u00f6telez\u0151!<\/p>\n<p>[\/et_pb_text][et_pb_contact_form email=&#8221;regeaalapitvany@gmail.com&#8221; module_id=&#8221;et_pb_contact_form_0&#8243; _builder_version=&#8221;4.20.2&#8243; _unique_id=&#8221;e00c3e86-ed3c-4921-800e-86345291bf85&#8243; form_field_background_color=&#8221;#fdd6c6&#8243; form_field_focus_background_color=&#8221;#fdd6c6&#8243; custom_button=&#8221;on&#8221; button_text_size=&#8221;16px&#8221; button_text_color=&#8221;#ffffff&#8221; button_bg_color=&#8221;#005a7f&#8221; button_border_width=&#8221;0px&#8221; button_border_color=&#8221;#ffffff&#8221; button_font=&#8221;|600|||||||&#8221; custom_margin=&#8221;|5px||5px|false|true&#8221; custom_margin_tablet=&#8221;&#8221; custom_margin_phone=&#8221;|0px||0px|false|true&#8221; custom_margin_last_edited=&#8221;on|phone&#8221; custom_padding=&#8221;|40px|30px|40px|false|true&#8221; custom_padding_tablet=&#8221;&#8221; custom_padding_phone=&#8221;|10px|30px|10px|false|true&#8221; custom_padding_last_edited=&#8221;on|desktop&#8221; locked=&#8221;off&#8221; global_colors_info=&#8221;{}&#8221;][et_pb_contact_field field_id=&#8221;N\u00e9v&#8221; field_title=&#8221;N\u00e9v *&#8221; _builder_version=&#8221;4.16&#8243; global_colors_info=&#8221;{}&#8221;][\/et_pb_contact_field][et_pb_contact_field field_id=&#8221;Telefon&#8221; field_title=&#8221;Telefon *&#8221; _builder_version=&#8221;4.16&#8243; global_colors_info=&#8221;{}&#8221; button_text_size__hover_enabled=&#8221;off&#8221; button_one_text_size__hover_enabled=&#8221;off&#8221; button_two_text_size__hover_enabled=&#8221;off&#8221; button_text_color__hover_enabled=&#8221;off&#8221; button_one_text_color__hover_enabled=&#8221;off&#8221; button_two_text_color__hover_enabled=&#8221;off&#8221; button_border_width__hover_enabled=&#8221;off&#8221; button_one_border_width__hover_enabled=&#8221;off&#8221; button_two_border_width__hover_enabled=&#8221;off&#8221; button_border_color__hover_enabled=&#8221;off&#8221; button_one_border_color__hover_enabled=&#8221;off&#8221; button_two_border_color__hover_enabled=&#8221;off&#8221; button_border_radius__hover_enabled=&#8221;off&#8221; button_one_border_radius__hover_enabled=&#8221;off&#8221; button_two_border_radius__hover_enabled=&#8221;off&#8221; button_letter_spacing__hover_enabled=&#8221;off&#8221; button_one_letter_spacing__hover_enabled=&#8221;off&#8221; button_two_letter_spacing__hover_enabled=&#8221;off&#8221; button_bg_color__hover_enabled=&#8221;off&#8221; button_one_bg_color__hover_enabled=&#8221;off&#8221; button_two_bg_color__hover_enabled=&#8221;off&#8221;][\/et_pb_contact_field][et_pb_contact_field field_id=&#8221;Email&#8221; field_title=&#8221;Email c\u00edm&#8221; field_type=&#8221;email&#8221; required_mark=&#8221;off&#8221; _builder_version=&#8221;4.16&#8243; global_colors_info=&#8221;{}&#8221; button_text_size__hover_enabled=&#8221;off&#8221; button_one_text_size__hover_enabled=&#8221;off&#8221; button_two_text_size__hover_enabled=&#8221;off&#8221; button_text_color__hover_enabled=&#8221;off&#8221; button_one_text_color__hover_enabled=&#8221;off&#8221; button_two_text_color__hover_enabled=&#8221;off&#8221; button_border_width__hover_enabled=&#8221;off&#8221; button_one_border_width__hover_enabled=&#8221;off&#8221; button_two_border_width__hover_enabled=&#8221;off&#8221; button_border_color__hover_enabled=&#8221;off&#8221; button_one_border_color__hover_enabled=&#8221;off&#8221; button_two_border_color__hover_enabled=&#8221;off&#8221; button_border_radius__hover_enabled=&#8221;off&#8221; button_one_border_radius__hover_enabled=&#8221;off&#8221; button_two_border_radius__hover_enabled=&#8221;off&#8221; button_letter_spacing__hover_enabled=&#8221;off&#8221; button_one_letter_spacing__hover_enabled=&#8221;off&#8221; button_two_letter_spacing__hover_enabled=&#8221;off&#8221; button_bg_color__hover_enabled=&#8221;off&#8221; button_one_bg_color__hover_enabled=&#8221;off&#8221; button_two_bg_color__hover_enabled=&#8221;off&#8221;][\/et_pb_contact_field][et_pb_contact_field field_id=&#8221;.&#8221; field_title=&#8221;.&#8221; required_mark=&#8221;off&#8221; _builder_version=&#8221;4.20.2&#8243; global_colors_info=&#8221;{}&#8221;][\/et_pb_contact_field][et_pb_contact_field field_id=&#8221;._2&#8243; field_title=&#8221;.&#8221; required_mark=&#8221;off&#8221; fullwidth_field=&#8221;on&#8221; _builder_version=&#8221;4.20.2&#8243; global_colors_info=&#8221;{}&#8221;][\/et_pb_contact_field][et_pb_contact_field field_id=&#8221;Az_\u00dcZENET_mez\u0151ben&#8221; field_title=&#8221;Az \u00dcZENET * mez\u0151ben k\u00e9rj\u00fck, \u00edrja le a t\u00f6rt\u00e9net\u00e9t, tetsz\u00e9se szerint szabadon, de szeretn\u00e9nk, ha k\u00f6zben kit\u00e9rne ezekre a szempontjainkra is:&#8221; field_type=&#8221;checkbox&#8221; checkbox_options=&#8221;%91{%22value%22:%22Hogyan alakult az \u00e9lete a beteg mellett?%22,%22checked%22:0,%22dragID%22:-1},{%22value%22:%22Ki\/ mi seg\u00edtett? Hogyan \u00e9s mivel?%22,%22checked%22:0,%22dragID%22:0},{%22value%22:%22Ak\u00e1r el\u0151rement \/ meghalt a beteg, ak\u00e1r meggy\u00f3gyult, mit tapasztalt \/ tanult meg az \u00e1pol\u00e1sa sor\u00e1n %92t\u00f6nmag\u00e1r\u00f3l?%22,%22checked%22:0,%22dragID%22:1},{%22value%22:%22Miben v\u00e1ltozott meg?%22,%22checked%22:0,%22dragID%22:2},{%22value%22:%22Mire tan\u00edtja \u00d6nt, a csal\u00e1dot \u00e9s a k\u00f6rnyezetet az \u0150 sorsa?%22,%22checked%22:0,%22dragID%22:3},{%22value%22:%22%22,%22checked%22:0,%22dragID%22:4},{%22value%22:%22%22,%22checked%22:0,%22dragID%22:5},{%22value%22:%22\u00c9s m\u00e9g b\u00e1rmi, amit fontosnak gondol hozz\u00e1tenni \u2026\u2026.%22,%22checked%22:0,%22dragID%22:6}%93&#8243; required_mark=&#8221;off&#8221; fullwidth_field=&#8221;on&#8221; _builder_version=&#8221;4.20.2&#8243; form_field_background_color=&#8221;#ffffff&#8221; global_colors_info=&#8221;{}&#8221; form_field_text_color__hover_enabled=&#8221;on|desktop&#8221; form_field_text_color__hover=&#8221;rgba(0,0,0,0)&#8221;][\/et_pb_contact_field][et_pb_contact_field field_id=&#8221;\u00fczenet&#8221; field_title=&#8221;\u00dcZENET *&#8221; field_type=&#8221;text&#8221; fullwidth_field=&#8221;on&#8221; _builder_version=&#8221;4.16&#8243; form_field_text_color=&#8221;#3366ff&#8221; form_field_focus_text_color=&#8221;#3366ff&#8221; form_field_font=&#8221;|600|||||||&#8221; global_colors_info=&#8221;{}&#8221; button_text_size__hover_enabled=&#8221;off&#8221; button_one_text_size__hover_enabled=&#8221;off&#8221; button_two_text_size__hover_enabled=&#8221;off&#8221; button_text_color__hover_enabled=&#8221;off&#8221; button_one_text_color__hover_enabled=&#8221;off&#8221; button_two_text_color__hover_enabled=&#8221;off&#8221; button_border_width__hover_enabled=&#8221;off&#8221; button_one_border_width__hover_enabled=&#8221;off&#8221; button_two_border_width__hover_enabled=&#8221;off&#8221; button_border_color__hover_enabled=&#8221;off&#8221; button_one_border_color__hover_enabled=&#8221;off&#8221; button_two_border_color__hover_enabled=&#8221;off&#8221; button_border_radius__hover_enabled=&#8221;off&#8221; button_one_border_radius__hover_enabled=&#8221;off&#8221; button_two_border_radius__hover_enabled=&#8221;off&#8221; button_letter_spacing__hover_enabled=&#8221;off&#8221; button_one_letter_spacing__hover_enabled=&#8221;off&#8221; button_two_letter_spacing__hover_enabled=&#8221;off&#8221; button_bg_color__hover_enabled=&#8221;off&#8221; button_one_bg_color__hover_enabled=&#8221;off&#8221; button_two_bg_color__hover_enabled=&#8221;off&#8221;][\/et_pb_contact_field][et_pb_contact_field field_id=&#8221;Nyilatkozat&#8221; field_title=&#8221;Nyilatkozat *&#8221; field_type=&#8221;radio&#8221; radio_options=&#8221;%91{%22value%22:%22Hozz\u00e1j\u00e1rulok, hogy a t\u00f6rt\u00e9netemet n\u00e9vvel, a REGEA  Alap\u00edtv\u00e1ny az \u00e9ves kiadv\u00e1ny\u00e1ban felhaszn\u00e1lja.%22,%22checked%22:0,%22dragID%22:-1},{%22value%22:%22Hozz\u00e1j\u00e1rulok, hogy a t\u00f6rt\u00e9netemet n\u00e9v n\u00e9lk\u00fcl a REGEA  Alap\u00edtv\u00e1ny az \u00e9ves kiadv\u00e1ny\u00e1ban felhaszn\u00e1lja.%22,%22checked%22:0,%22dragID%22:0}%93&#8243; fullwidth_field=&#8221;on&#8221; _builder_version=&#8221;4.16&#8243; form_field_font_size=&#8221;13px&#8221; global_colors_info=&#8221;{}&#8221;][\/et_pb_contact_field][et_pb_contact_field field_id=&#8221;Szem\u00e9lyes_adatok_kezel\u00e9se&#8221; field_title=&#8221;Szem\u00e9lyes adatok kezel\u00e9se *&#8221; field_type=&#8221;checkbox&#8221; checkbox_options=&#8221;%91{%22value%22:%22Alul\u00edrott, az al\u00e1bbi checkbox pip\u00e1l\u00e1s\u00e1val &#8211; az \u00c1ltal\u00e1nos Adatv\u00e9delmi Rendelet (GDPR) 6. cikk (1) bekezd\u00e9s a) pontja, tov\u00e1bb\u00e1 a 7. cikk \u00e9s a 5. cikk rendelkez\u00e9se alapj\u00e1n &#8211; hozz\u00e1j\u00e1rulok, hogy az adatkezel\u0151 a most megadott szem\u00e9lyes adataimat a GDPR, tov\u00e1bb\u00e1 a saj\u00e1t adatkezel\u00e9si t\u00e1j\u00e9koztat\u00f3j\u00e1nak felt\u00e9telei szerint kezelje.%22,%22checked%22:0,%22dragID%22:-1}%93&#8243; fullwidth_field=&#8221;on&#8221; _builder_version=&#8221;4.16&#8243; form_field_font_size=&#8221;13px&#8221; global_colors_info=&#8221;{}&#8221;][\/et_pb_contact_field][et_pb_contact_field field_id=&#8221;Adatkezel\u00e9si_t\u00e1j\u00e9koztat\u00f3&#8221; field_title=&#8221;Adatkezel\u00e9si t\u00e1j\u00e9koztat\u00f3 *&#8221; field_type=&#8221;checkbox&#8221; checkbox_options=&#8221;%91{%22value%22:%22Alul\u00edrott, az al\u00e1bbi checkbox pip\u00e1l\u00e1s\u00e1val az Adatkezel\u0151 GDPR 13. cikk szerinti t\u00e1j\u00e9koztat\u00f3j\u00e1t elolvastam. %22,%22checked%22:0,%22dragID%22:-1,%22link_text%22:%22Adatv\u00e9delmi szab\u00e1lyzat itt olvashat\u00f3.%22,%22link_url%22:%22https:\/\/regea.hu\/adatvedelmi-tajekoztato\/%22}%93&#8243; fullwidth_field=&#8221;on&#8221; _builder_version=&#8221;4.16&#8243; form_field_font_size=&#8221;13px&#8221; global_colors_info=&#8221;{}&#8221;][\/et_pb_contact_field][\/et_pb_contact_form][\/et_pb_column][\/et_pb_row][\/et_pb_section][et_pb_section fb_built=&#8221;1&#8243; fullwidth=&#8221;on&#8221; _builder_version=&#8221;4.20.2&#8243; _module_preset=&#8221;default&#8221; global_colors_info=&#8221;{}&#8221;][\/et_pb_section]<\/p>\n","protected":false},"excerpt":{"rendered":"<p>Gy\u00e9m\u00e1nt lettemA Region\u00e1lis Eg\u00e9szs\u00e9g\u00fcgy\u00e9rt Alap\u00edtv\u00e1ny p\u00e1ly\u00e1zatot \u00edr ki CSAL\u00c1DTAGOK sz\u00e1m\u00e1ra a R\u00e1k Vil\u00e1gnapja alkalm\u00e1b\u00f3l a &#8221; Te mit teszel az eg\u00e9szs\u00e9ged\u00e9rt?&#8221; program keret\u00e9ben. Felh\u00edv\u00e1s:Csal\u00e1dtagk\u00e9nt \u00e9lt egy daganatos \/ kr\u00f3nikus beteg k\u00f6zel\u00e9ben.B\u00e1rmi is lett az \u0150 sorsa, most nem R\u00c1, hanem \u00d6nre vagyunk kiv\u00e1ncsiak.\u00cdrja meg, \u00e9s k\u00fcldje el a t\u00f6rt\u00e9net\u00e9t nek\u00fcnk! A p\u00e1ly\u00e1zat c\u00e9lja: Meg\u0151rizz\u00fck \u00e9s [&hellip;]<\/p>\n","protected":false},"author":1,"featured_media":0,"parent":0,"menu_order":0,"comment_status":"closed","ping_status":"closed","template":"","meta":{"_et_pb_use_builder":"on","_et_pb_old_content":"","_et_gb_content_width":""},"_links":{"self":[{"href":"https:\/\/regea.hu\/wp-json\/wp\/v2\/pages\/2834"}],"collection":[{"href":"https:\/\/regea.hu\/wp-json\/wp\/v2\/pages"}],"about":[{"href":"https:\/\/regea.hu\/wp-json\/wp\/v2\/types\/page"}],"author":[{"embeddable":true,"href":"https:\/\/regea.hu\/wp-json\/wp\/v2\/users\/1"}],"replies":[{"embeddable":true,"href":"https:\/\/regea.hu\/wp-json\/wp\/v2\/comments?post=2834"}],"version-history":[{"count":58,"href":"https:\/\/regea.hu\/wp-json\/wp\/v2\/pages\/2834\/revisions"}],"predecessor-version":[{"id":3361,"href":"https:\/\/regea.hu\/wp-json\/wp\/v2\/pages\/2834\/revisions\/3361"}],"wp:attachment":[{"href":"https:\/\/regea.hu\/wp-json\/wp\/v2\/media?parent=2834"}],"curies":[{"name":"wp","href":"https:\/\/api.w.org\/{rel}","templated":true}]}}